{"id":6073,"date":"2023-07-19T07:48:10","date_gmt":"2023-07-19T07:48:10","guid":{"rendered":"https:\/\/esasl.com\/betxi-castellon\/"},"modified":"2023-09-14T08:02:18","modified_gmt":"2023-09-14T08:02:18","slug":"betxi-castellon","status":"publish","type":"page","link":"https:\/\/esasl.com\/en\/betxi-castellon\/","title":{"rendered":"Betxi, Castell\u00f3n"},"content":{"rendered":"\t\t<div data-elementor-type=\"wp-page\" data-elementor-id=\"6073\" class=\"elementor elementor-6073 elementor-5068\">\n\t\t\t\t\t\t<section class=\"elementor-section elementor-top-section elementor-element elementor-element-6491c2b elementor-section-boxed elementor-section-height-default elementor-section-height-default\" data-id=\"6491c2b\" data-element_type=\"section\" data-e-type=\"section\">\n\t\t\t\t\t\t<div class=\"elementor-container elementor-column-gap-default\">\n\t\t\t\t\t<div class=\"elementor-column elementor-col-100 elementor-top-column elementor-element elementor-element-fc410b7\" data-id=\"fc410b7\" data-element_type=\"column\" data-e-type=\"column\">\n\t\t\t<div class=\"elementor-widget-wrap\">\n\t\t\t\t\t\t\t<\/div>\n\t\t<\/div>\n\t\t\t\t\t<\/div>\n\t\t<\/section>\n\t\t\t\t<section class=\"elementor-section elementor-top-section elementor-element elementor-element-d787bab elementor-section-boxed elementor-section-height-default elementor-section-height-default\" data-id=\"d787bab\" data-element_type=\"section\" data-e-type=\"section\">\n\t\t\t\t\t\t<div class=\"elementor-container elementor-column-gap-default\">\n\t\t\t\t\t<div class=\"elementor-column elementor-col-100 elementor-top-column elementor-element elementor-element-11d2a1e\" data-id=\"11d2a1e\" data-element_type=\"column\" data-e-type=\"column\">\n\t\t\t<div class=\"elementor-widget-wrap elementor-element-populated\">\n\t\t\t\t\t\t<div class=\"elementor-element elementor-element-9eebf5d elementor-widget elementor-widget-spacer\" data-id=\"9eebf5d\" data-element_type=\"widget\" data-e-type=\"widget\" data-widget_type=\"spacer.default\">\n\t\t\t\t<div class=\"elementor-widget-container\">\n\t\t\t\t\t\t\t<div class=\"elementor-spacer\">\n\t\t\t<div class=\"elementor-spacer-inner\"><\/div>\n\t\t<\/div>\n\t\t\t\t\t\t<\/div>\n\t\t\t\t<\/div>\n\t\t\t\t\t<\/div>\n\t\t<\/div>\n\t\t\t\t\t<\/div>\n\t\t<\/section>\n\t\t\t\t<section class=\"elementor-section elementor-top-section elementor-element elementor-element-5242945 elementor-section-boxed elementor-section-height-default elementor-section-height-default\" data-id=\"5242945\" data-element_type=\"section\" data-e-type=\"section\">\n\t\t\t\t\t\t<div class=\"elementor-container elementor-column-gap-default\">\n\t\t\t\t\t<div class=\"elementor-column elementor-col-33 elementor-top-column elementor-element elementor-element-d4c4888\" data-id=\"d4c4888\" data-element_type=\"column\" data-e-type=\"column\">\n\t\t\t<div class=\"elementor-widget-wrap elementor-element-populated\">\n\t\t\t\t\t\t<div class=\"elementor-element elementor-element-64d8796 elementor-widget elementor-widget-heading\" data-id=\"64d8796\" data-element_type=\"widget\" data-e-type=\"widget\" data-widget_type=\"heading.default\">\n\t\t\t\t<div class=\"elementor-widget-container\">\n\t\t\t\t\t<h4 class=\"elementor-heading-title elementor-size-default\">Betxi, Castell\u00f3n<\/h4>\t\t\t\t<\/div>\n\t\t\t\t<\/div>\n\t\t\t\t\t<\/div>\n\t\t<\/div>\n\t\t\t\t<div class=\"elementor-column elementor-col-66 elementor-top-column elementor-element elementor-element-0f7bd74\" data-id=\"0f7bd74\" data-element_type=\"column\" data-e-type=\"column\">\n\t\t\t<div class=\"elementor-widget-wrap elementor-element-populated\">\n\t\t\t\t\t\t<div class=\"elementor-element elementor-element-a503db5 elementor-widget-divider--view-line elementor-widget elementor-widget-divider\" data-id=\"a503db5\" data-element_type=\"widget\" data-e-type=\"widget\" data-widget_type=\"divider.default\">\n\t\t\t\t<div class=\"elementor-widget-container\">\n\t\t\t\t\t\t\t<div class=\"elementor-divider\">\n\t\t\t<span class=\"elementor-divider-separator\">\n\t\t\t\t\t\t<\/span>\n\t\t<\/div>\n\t\t\t\t\t\t<\/div>\n\t\t\t\t<\/div>\n\t\t\t\t\t<\/div>\n\t\t<\/div>\n\t\t\t\t\t<\/div>\n\t\t<\/section>\n\t\t\t\t<section class=\"elementor-section elementor-top-section elementor-element elementor-element-237c72c elementor-hidden-tablet elementor-hidden-mobile elementor-section-boxed elementor-section-height-default elementor-section-height-default\" data-id=\"237c72c\" data-element_type=\"section\" data-e-type=\"section\">\n\t\t\t\t\t\t<div class=\"elementor-container elementor-column-gap-default\">\n\t\t\t\t\t<div class=\"elementor-column elementor-col-100 elementor-top-column elementor-element elementor-element-3fb1230\" data-id=\"3fb1230\" data-element_type=\"column\" data-e-type=\"column\">\n\t\t\t<div class=\"elementor-widget-wrap elementor-element-populated\">\n\t\t\t\t\t\t<div class=\"elementor-element elementor-element-17e0c15 elementor-arrows-position-inside elementor-pagination-position-outside elementor-widget elementor-widget-image-carousel\" data-id=\"17e0c15\" data-element_type=\"widget\" data-e-type=\"widget\" data-settings=\"{&quot;image_spacing_custom&quot;:{&quot;unit&quot;:&quot;px&quot;,&quot;size&quot;:8,&quot;sizes&quot;:[]},&quot;navigation&quot;:&quot;both&quot;,&quot;autoplay&quot;:&quot;yes&quot;,&quot;pause_on_hover&quot;:&quot;yes&quot;,&quot;pause_on_interaction&quot;:&quot;yes&quot;,&quot;autoplay_speed&quot;:5000,&quot;infinite&quot;:&quot;yes&quot;,&quot;speed&quot;:500,&quot;image_spacing_custom_tablet&quot;:{&quot;unit&quot;:&quot;px&quot;,&quot;size&quot;:&quot;&quot;,&quot;sizes&quot;:[]},&quot;image_spacing_custom_mobile&quot;:{&quot;unit&quot;:&quot;px&quot;,&quot;size&quot;:&quot;&quot;,&quot;sizes&quot;:[]}}\" data-widget_type=\"image-carousel.default\">\n\t\t\t\t<div class=\"elementor-widget-container\">\n\t\t\t\t\t\t\t<div class=\"elementor-image-carousel-wrapper swiper\" role=\"region\" aria-roledescription=\"carousel\" aria-label=\"Image Carousel\" dir=\"ltr\">\n\t\t\t<div class=\"elementor-image-carousel swiper-wrapper\" aria-live=\"off\">\n\t\t\t\t\t\t\t\t<div class=\"swiper-slide\" role=\"group\" aria-roledescription=\"slide\" aria-label=\"1 of 8\"><figure class=\"swiper-slide-inner\"><img decoding=\"async\" class=\"swiper-slide-image\" src=\"https:\/\/i0.wp.com\/esasl.com\/wp-content\/uploads\/2023\/07\/4408-V_243.jpg?resize=1200%2C1200&amp;ssl=1\" alt=\"4408-V_243\" \/><\/figure><\/div><div class=\"swiper-slide\" role=\"group\" aria-roledescription=\"slide\" aria-label=\"2 of 8\"><figure class=\"swiper-slide-inner\"><img decoding=\"async\" class=\"swiper-slide-image\" src=\"https:\/\/i0.wp.com\/esasl.com\/wp-content\/uploads\/2023\/07\/4408-V_256.jpg?resize=1200%2C1200&amp;ssl=1\" alt=\"4408-V_256\" \/><\/figure><\/div><div class=\"swiper-slide\" role=\"group\" aria-roledescription=\"slide\" aria-label=\"3 of 8\"><figure class=\"swiper-slide-inner\"><img decoding=\"async\" class=\"swiper-slide-image\" src=\"https:\/\/i0.wp.com\/esasl.com\/wp-content\/uploads\/2023\/07\/4408-V_258.jpg?resize=1200%2C1200&amp;ssl=1\" alt=\"4408-V_258\" \/><\/figure><\/div><div class=\"swiper-slide\" role=\"group\" aria-roledescription=\"slide\" aria-label=\"4 of 8\"><figure class=\"swiper-slide-inner\"><img decoding=\"async\" class=\"swiper-slide-image\" src=\"https:\/\/i0.wp.com\/esasl.com\/wp-content\/uploads\/2023\/07\/4408-V_217.jpg?resize=1200%2C1200&amp;ssl=1\" alt=\"4408-V_217\" \/><\/figure><\/div><div class=\"swiper-slide\" role=\"group\" aria-roledescription=\"slide\" aria-label=\"5 of 8\"><figure class=\"swiper-slide-inner\"><img decoding=\"async\" class=\"swiper-slide-image\" src=\"https:\/\/i0.wp.com\/esasl.com\/wp-content\/uploads\/2023\/07\/4408-V_219.jpg?resize=1200%2C1200&amp;ssl=1\" alt=\"4408-V_219\" \/><\/figure><\/div><div class=\"swiper-slide\" role=\"group\" aria-roledescription=\"slide\" aria-label=\"6 of 8\"><figure class=\"swiper-slide-inner\"><img decoding=\"async\" class=\"swiper-slide-image\" src=\"https:\/\/i0.wp.com\/esasl.com\/wp-content\/uploads\/2023\/07\/4408-V_221.jpg?resize=1200%2C1200&amp;ssl=1\" alt=\"4408-V_221\" \/><\/figure><\/div><div class=\"swiper-slide\" role=\"group\" aria-roledescription=\"slide\" aria-label=\"7 of 8\"><figure class=\"swiper-slide-inner\"><img decoding=\"async\" class=\"swiper-slide-image\" src=\"https:\/\/i0.wp.com\/esasl.com\/wp-content\/uploads\/2023\/07\/4408-V_224.jpg?resize=1200%2C1200&amp;ssl=1\" alt=\"4408-V_224\" \/><\/figure><\/div><div class=\"swiper-slide\" role=\"group\" aria-roledescription=\"slide\" aria-label=\"8 of 8\"><figure class=\"swiper-slide-inner\"><img decoding=\"async\" class=\"swiper-slide-image\" src=\"https:\/\/i0.wp.com\/esasl.com\/wp-content\/uploads\/2023\/07\/4408-V_227.jpg?resize=1200%2C1200&amp;ssl=1\" alt=\"4408-V_227\" \/><\/figure><\/div>\t\t\t<\/div>\n\t\t\t\t\t\t\t\t\t\t\t\t<div class=\"elementor-swiper-button elementor-swiper-button-prev\" role=\"button\" tabindex=\"0\">\n\t\t\t\t\t\t<i aria-hidden=\"true\" class=\"eicon-chevron-left\"><\/i>\t\t\t\t\t<\/div>\n\t\t\t\t\t<div class=\"elementor-swiper-button elementor-swiper-button-next\" role=\"button\" tabindex=\"0\">\n\t\t\t\t\t\t<i aria-hidden=\"true\" class=\"eicon-chevron-right\"><\/i>\t\t\t\t\t<\/div>\n\t\t\t\t\n\t\t\t\t\t\t\t\t\t<div class=\"swiper-pagination\"><\/div>\n\t\t\t\t\t\t\t\t\t<\/div>\n\t\t\t\t\t\t<\/div>\n\t\t\t\t<\/div>\n\t\t\t\t\t<\/div>\n\t\t<\/div>\n\t\t\t\t\t<\/div>\n\t\t<\/section>\n\t\t\t\t<section class=\"elementor-section elementor-top-section elementor-element elementor-element-592554b elementor-hidden-desktop elementor-section-boxed elementor-section-height-default elementor-section-height-default\" data-id=\"592554b\" data-element_type=\"section\" data-e-type=\"section\">\n\t\t\t\t\t\t<div class=\"elementor-container elementor-column-gap-default\">\n\t\t\t\t\t<div class=\"elementor-column elementor-col-100 elementor-top-column elementor-element elementor-element-f68b4a4\" data-id=\"f68b4a4\" data-element_type=\"column\" data-e-type=\"column\">\n\t\t\t<div class=\"elementor-widget-wrap elementor-element-populated\">\n\t\t\t\t\t\t<div class=\"elementor-element elementor-element-62065d9 elementor-arrows-position-inside elementor-pagination-position-outside elementor-widget elementor-widget-image-carousel\" data-id=\"62065d9\" data-element_type=\"widget\" data-e-type=\"widget\" data-settings=\"{&quot;image_spacing_custom&quot;:{&quot;unit&quot;:&quot;px&quot;,&quot;size&quot;:8,&quot;sizes&quot;:[]},&quot;navigation&quot;:&quot;both&quot;,&quot;autoplay&quot;:&quot;yes&quot;,&quot;pause_on_hover&quot;:&quot;yes&quot;,&quot;pause_on_interaction&quot;:&quot;yes&quot;,&quot;autoplay_speed&quot;:5000,&quot;infinite&quot;:&quot;yes&quot;,&quot;speed&quot;:500,&quot;image_spacing_custom_tablet&quot;:{&quot;unit&quot;:&quot;px&quot;,&quot;size&quot;:&quot;&quot;,&quot;sizes&quot;:[]},&quot;image_spacing_custom_mobile&quot;:{&quot;unit&quot;:&quot;px&quot;,&quot;size&quot;:&quot;&quot;,&quot;sizes&quot;:[]}}\" data-widget_type=\"image-carousel.default\">\n\t\t\t\t<div class=\"elementor-widget-container\">\n\t\t\t\t\t\t\t<div class=\"elementor-image-carousel-wrapper swiper\" role=\"region\" aria-roledescription=\"carousel\" aria-label=\"Image Carousel\" dir=\"ltr\">\n\t\t\t<div class=\"elementor-image-carousel swiper-wrapper\" aria-live=\"off\">\n\t\t\t\t\t\t\t\t<div class=\"swiper-slide\" role=\"group\" aria-roledescription=\"slide\" aria-label=\"1 of 8\"><figure class=\"swiper-slide-inner\"><img decoding=\"async\" class=\"swiper-slide-image\" src=\"https:\/\/i0.wp.com\/esasl.com\/wp-content\/uploads\/2023\/07\/4408-V_227.jpg?fit=300%2C200&amp;ssl=1\" alt=\"4408-V_227\" \/><\/figure><\/div><div class=\"swiper-slide\" role=\"group\" aria-roledescription=\"slide\" aria-label=\"2 of 8\"><figure class=\"swiper-slide-inner\"><img decoding=\"async\" class=\"swiper-slide-image\" src=\"https:\/\/i0.wp.com\/esasl.com\/wp-content\/uploads\/2023\/07\/4408-V_224.jpg?fit=300%2C200&amp;ssl=1\" alt=\"4408-V_224\" \/><\/figure><\/div><div class=\"swiper-slide\" role=\"group\" aria-roledescription=\"slide\" aria-label=\"3 of 8\"><figure class=\"swiper-slide-inner\"><img decoding=\"async\" class=\"swiper-slide-image\" src=\"https:\/\/i0.wp.com\/esasl.com\/wp-content\/uploads\/2023\/07\/4408-V_221.jpg?fit=300%2C200&amp;ssl=1\" alt=\"4408-V_221\" \/><\/figure><\/div><div class=\"swiper-slide\" role=\"group\" aria-roledescription=\"slide\" aria-label=\"4 of 8\"><figure class=\"swiper-slide-inner\"><img decoding=\"async\" class=\"swiper-slide-image\" src=\"https:\/\/i0.wp.com\/esasl.com\/wp-content\/uploads\/2023\/07\/4408-V_219.jpg?fit=300%2C200&amp;ssl=1\" alt=\"4408-V_219\" \/><\/figure><\/div><div class=\"swiper-slide\" role=\"group\" aria-roledescription=\"slide\" aria-label=\"5 of 8\"><figure class=\"swiper-slide-inner\"><img decoding=\"async\" class=\"swiper-slide-image\" src=\"https:\/\/i0.wp.com\/esasl.com\/wp-content\/uploads\/2023\/07\/4408-V_217.jpg?fit=300%2C200&amp;ssl=1\" alt=\"4408-V_217\" \/><\/figure><\/div><div class=\"swiper-slide\" role=\"group\" aria-roledescription=\"slide\" aria-label=\"6 of 8\"><figure class=\"swiper-slide-inner\"><img decoding=\"async\" class=\"swiper-slide-image\" src=\"https:\/\/i0.wp.com\/esasl.com\/wp-content\/uploads\/2023\/07\/4408-V_258.jpg?fit=300%2C200&amp;ssl=1\" alt=\"4408-V_258\" \/><\/figure><\/div><div class=\"swiper-slide\" role=\"group\" aria-roledescription=\"slide\" aria-label=\"7 of 8\"><figure class=\"swiper-slide-inner\"><img decoding=\"async\" class=\"swiper-slide-image\" src=\"https:\/\/i0.wp.com\/esasl.com\/wp-content\/uploads\/2023\/07\/4408-V_256.jpg?fit=300%2C200&amp;ssl=1\" alt=\"4408-V_256\" \/><\/figure><\/div><div class=\"swiper-slide\" role=\"group\" aria-roledescription=\"slide\" aria-label=\"8 of 8\"><figure class=\"swiper-slide-inner\"><img decoding=\"async\" class=\"swiper-slide-image\" src=\"https:\/\/i0.wp.com\/esasl.com\/wp-content\/uploads\/2023\/07\/4408-V_243.jpg?fit=300%2C200&amp;ssl=1\" alt=\"4408-V_243\" \/><\/figure><\/div>\t\t\t<\/div>\n\t\t\t\t\t\t\t\t\t\t\t\t<div class=\"elementor-swiper-button elementor-swiper-button-prev\" role=\"button\" tabindex=\"0\">\n\t\t\t\t\t\t<i aria-hidden=\"true\" class=\"eicon-chevron-left\"><\/i>\t\t\t\t\t<\/div>\n\t\t\t\t\t<div class=\"elementor-swiper-button elementor-swiper-button-next\" role=\"button\" tabindex=\"0\">\n\t\t\t\t\t\t<i aria-hidden=\"true\" class=\"eicon-chevron-right\"><\/i>\t\t\t\t\t<\/div>\n\t\t\t\t\n\t\t\t\t\t\t\t\t\t<div class=\"swiper-pagination\"><\/div>\n\t\t\t\t\t\t\t\t\t<\/div>\n\t\t\t\t\t\t<\/div>\n\t\t\t\t<\/div>\n\t\t\t\t\t<\/div>\n\t\t<\/div>\n\t\t\t\t\t<\/div>\n\t\t<\/section>\n\t\t\t\t<section class=\"elementor-section elementor-top-section elementor-element elementor-element-88eec8c elementor-section-stretched elementor-section-boxed elementor-section-height-default elementor-section-height-default\" data-id=\"88eec8c\" data-element_type=\"section\" data-e-type=\"section\" data-settings=\"{&quot;stretch_section&quot;:&quot;section-stretched&quot;,&quot;background_background&quot;:&quot;classic&quot;}\">\n\t\t\t\t\t\t<div class=\"elementor-container elementor-column-gap-default\">\n\t\t\t\t\t<div class=\"elementor-column elementor-col-33 elementor-top-column elementor-element elementor-element-d0e4906\" data-id=\"d0e4906\" data-element_type=\"column\" data-e-type=\"column\">\n\t\t\t<div class=\"elementor-widget-wrap elementor-element-populated\">\n\t\t\t\t\t\t<div class=\"elementor-element elementor-element-127d355 elementor-widget elementor-widget-heading\" data-id=\"127d355\" data-element_type=\"widget\" data-e-type=\"widget\" data-widget_type=\"heading.default\">\n\t\t\t\t<div class=\"elementor-widget-container\">\n\t\t\t\t\t<h4 class=\"elementor-heading-title elementor-size-default\"><font color=\"#045328\">Betxi Project, Castell\u00f3n<\/font><\/h4>\t\t\t\t<\/div>\n\t\t\t\t<\/div>\n\t\t\t\t\t<\/div>\n\t\t<\/div>\n\t\t\t\t<div class=\"elementor-column elementor-col-33 elementor-top-column elementor-element elementor-element-77c816d\" data-id=\"77c816d\" data-element_type=\"column\" data-e-type=\"column\">\n\t\t\t<div class=\"elementor-widget-wrap elementor-element-populated\">\n\t\t\t\t\t\t<div class=\"elementor-element elementor-element-8a1474e elementor-icon-list--layout-traditional elementor-list-item-link-full_width elementor-widget elementor-widget-icon-list\" data-id=\"8a1474e\" data-element_type=\"widget\" data-e-type=\"widget\" data-widget_type=\"icon-list.default\">\n\t\t\t\t<div class=\"elementor-widget-container\">\n\t\t\t\t\t\t\t<ul class=\"elementor-icon-list-items\">\n\t\t\t\t\t\t\t<li class=\"elementor-icon-list-item\">\n\t\t\t\t\t\t\t\t\t\t\t<span class=\"elementor-icon-list-icon\">\n\t\t\t\t\t\t\t<i aria-hidden=\"true\" class=\"fas fa-map-pin\"><\/i>\t\t\t\t\t\t<\/span>\n\t\t\t\t\t\t\t\t\t\t<span class=\"elementor-icon-list-text\">LOCATION: Castell\u00f3n, Spain<\/span>\n\t\t\t\t\t\t\t\t\t<\/li>\n\t\t\t\t\t\t\t\t<li class=\"elementor-icon-list-item\">\n\t\t\t\t\t\t\t\t\t\t\t<span class=\"elementor-icon-list-icon\">\n\t\t\t\t\t\t\t<i aria-hidden=\"true\" class=\"fas fa-house-damage\"><\/i>\t\t\t\t\t\t<\/span>\n\t\t\t\t\t\t\t\t\t\t<span class=\"elementor-icon-list-text\">TYPE: Fixed on Deck<\/span>\n\t\t\t\t\t\t\t\t\t<\/li>\n\t\t\t\t\t\t\t\t<li class=\"elementor-icon-list-item\">\n\t\t\t\t\t\t\t\t\t\t\t<span class=\"elementor-icon-list-icon\">\n\t\t\t\t\t\t\t<i aria-hidden=\"true\" class=\"fas fa-fan\"><\/i>\t\t\t\t\t\t<\/span>\n\t\t\t\t\t\t\t\t\t\t<span class=\"elementor-icon-list-text\">POWER: 300 Kw<\/span>\n\t\t\t\t\t\t\t\t\t<\/li>\n\t\t\t\t\t\t<\/ul>\n\t\t\t\t\t\t<\/div>\n\t\t\t\t<\/div>\n\t\t\t\t\t<\/div>\n\t\t<\/div>\n\t\t\t\t<div class=\"elementor-column elementor-col-33 elementor-top-column elementor-element elementor-element-8c54ec2\" data-id=\"8c54ec2\" data-element_type=\"column\" data-e-type=\"column\">\n\t\t\t<div class=\"elementor-widget-wrap elementor-element-populated\">\n\t\t\t\t\t\t<div class=\"elementor-element elementor-element-94da6fe elementor-icon-list--layout-traditional elementor-list-item-link-full_width elementor-widget elementor-widget-icon-list\" data-id=\"94da6fe\" data-element_type=\"widget\" data-e-type=\"widget\" data-widget_type=\"icon-list.default\">\n\t\t\t\t<div class=\"elementor-widget-container\">\n\t\t\t\t\t\t\t<ul class=\"elementor-icon-list-items\">\n\t\t\t\t\t\t\t<li class=\"elementor-icon-list-item\">\n\t\t\t\t\t\t\t\t\t\t\t<span class=\"elementor-icon-list-icon\">\n\t\t\t\t\t\t\t<i aria-hidden=\"true\" class=\"far fa-calendar-check\"><\/i>\t\t\t\t\t\t<\/span>\n\t\t\t\t\t\t\t\t\t\t<span class=\"elementor-icon-list-text\">START UP: July 2008<\/span>\n\t\t\t\t\t\t\t\t\t<\/li>\n\t\t\t\t\t\t<\/ul>\n\t\t\t\t\t\t<\/div>\n\t\t\t\t<\/div>\n\t\t\t\t\t<\/div>\n\t\t<\/div>\n\t\t\t\t\t<\/div>\n\t\t<\/section>\n\t\t\t\t<\/div>\n\t\t","protected":false},"excerpt":{"rendered":"<p>Betxi, Castell\u00f3n Betxi Project, Castell\u00f3n LOCATION: Castell\u00f3n, Spain TYPE: Fixed on Deck POWER: 300 Kw START UP: July 2008<\/p>\n","protected":false},"author":223403309,"featured_media":0,"parent":0,"menu_order":0,"comment_status":"closed","ping_status":"closed","template":"","meta":{"_crdt_document":"","jetpack_post_was_ever_published":false,"footnotes":""},"class_list":["post-6073","page","type-page","status-publish","hentry"],"yoast_head":"<!-- This site is optimized with the Yoast SEO plugin v27.3 - https:\/\/yoast.com\/product\/yoast-seo-wordpress\/ -->\n<title>Betxi, Castell\u00f3n - ESA<\/title>\n<meta name=\"robots\" content=\"index, follow, max-snippet:-1, max-image-preview:large, max-video-preview:-1\" \/>\n<link rel=\"canonical\" href=\"https:\/\/esasl.com\/en\/betxi-castellon\/\" \/>\n<meta property=\"og:locale\" content=\"en_US\" \/>\n<meta property=\"og:type\" content=\"article\" \/>\n<meta property=\"og:title\" content=\"Betxi, Castell\u00f3n - ESA\" \/>\n<meta property=\"og:description\" content=\"Betxi, Castell\u00f3n Betxi Project, Castell\u00f3n LOCATION: Castell\u00f3n, Spain TYPE: Fixed on Deck POWER: 300 Kw START UP: July 2008\" \/>\n<meta property=\"og:url\" content=\"https:\/\/esasl.com\/en\/betxi-castellon\/\" \/>\n<meta property=\"og:site_name\" content=\"ESA\" \/>\n<meta property=\"article:modified_time\" content=\"2023-09-14T08:02:18+00:00\" \/>\n<meta property=\"og:image\" content=\"https:\/\/i0.wp.com\/esasl.com\/wp-content\/uploads\/2023\/07\/4408-V_243.jpg?resize=1200%2C1200&amp;ssl=1\" \/>\n<meta name=\"twitter:card\" content=\"summary_large_image\" \/>\n<script type=\"application\/ld+json\" class=\"yoast-schema-graph\">{\"@context\":\"https:\\\/\\\/schema.org\",\"@graph\":[{\"@type\":\"WebPage\",\"@id\":\"https:\\\/\\\/esasl.com\\\/en\\\/betxi-castellon\\\/\",\"url\":\"https:\\\/\\\/esasl.com\\\/en\\\/betxi-castellon\\\/\",\"name\":\"Betxi, Castell\u00f3n - ESA\",\"isPartOf\":{\"@id\":\"https:\\\/\\\/esasl.com\\\/en\\\/#website\"},\"primaryImageOfPage\":{\"@id\":\"https:\\\/\\\/esasl.com\\\/en\\\/betxi-castellon\\\/#primaryimage\"},\"image\":{\"@id\":\"https:\\\/\\\/esasl.com\\\/en\\\/betxi-castellon\\\/#primaryimage\"},\"thumbnailUrl\":\"https:\\\/\\\/i0.wp.com\\\/esasl.com\\\/wp-content\\\/uploads\\\/2023\\\/07\\\/4408-V_243.jpg?resize=1200%2C1200&amp;ssl=1\",\"datePublished\":\"2023-07-19T07:48:10+00:00\",\"dateModified\":\"2023-09-14T08:02:18+00:00\",\"breadcrumb\":{\"@id\":\"https:\\\/\\\/esasl.com\\\/en\\\/betxi-castellon\\\/#breadcrumb\"},\"inLanguage\":\"en-US\",\"potentialAction\":[{\"@type\":\"ReadAction\",\"target\":[\"https:\\\/\\\/esasl.com\\\/en\\\/betxi-castellon\\\/\"]}]},{\"@type\":\"ImageObject\",\"inLanguage\":\"en-US\",\"@id\":\"https:\\\/\\\/esasl.com\\\/en\\\/betxi-castellon\\\/#primaryimage\",\"url\":\"https:\\\/\\\/i0.wp.com\\\/esasl.com\\\/wp-content\\\/uploads\\\/2023\\\/07\\\/4408-V_243.jpg?resize=1200%2C1200&amp;ssl=1\",\"contentUrl\":\"https:\\\/\\\/i0.wp.com\\\/esasl.com\\\/wp-content\\\/uploads\\\/2023\\\/07\\\/4408-V_243.jpg?resize=1200%2C1200&amp;ssl=1\"},{\"@type\":\"BreadcrumbList\",\"@id\":\"https:\\\/\\\/esasl.com\\\/en\\\/betxi-castellon\\\/#breadcrumb\",\"itemListElement\":[{\"@type\":\"ListItem\",\"position\":1,\"name\":\"Portada\",\"item\":\"https:\\\/\\\/esasl.com\\\/en\\\/\"},{\"@type\":\"ListItem\",\"position\":2,\"name\":\"Betxi, Castell\u00f3n\"}]},{\"@type\":\"WebSite\",\"@id\":\"https:\\\/\\\/esasl.com\\\/en\\\/#website\",\"url\":\"https:\\\/\\\/esasl.com\\\/en\\\/\",\"name\":\"ESA\",\"description\":\"Energ\u00eda Solar Aplicada\",\"publisher\":{\"@id\":\"https:\\\/\\\/esasl.com\\\/en\\\/#organization\"},\"potentialAction\":[{\"@type\":\"SearchAction\",\"target\":{\"@type\":\"EntryPoint\",\"urlTemplate\":\"https:\\\/\\\/esasl.com\\\/en\\\/?s={search_term_string}\"},\"query-input\":{\"@type\":\"PropertyValueSpecification\",\"valueRequired\":true,\"valueName\":\"search_term_string\"}}],\"inLanguage\":\"en-US\"},{\"@type\":\"Organization\",\"@id\":\"https:\\\/\\\/esasl.com\\\/en\\\/#organization\",\"name\":\"ESA\",\"url\":\"https:\\\/\\\/esasl.com\\\/en\\\/\",\"logo\":{\"@type\":\"ImageObject\",\"inLanguage\":\"en-US\",\"@id\":\"https:\\\/\\\/esasl.com\\\/en\\\/#\\\/schema\\\/logo\\\/image\\\/\",\"url\":\"https:\\\/\\\/esasl.com\\\/wp-content\\\/uploads\\\/2023\\\/04\\\/logo_cabecera-01.jpg\",\"contentUrl\":\"https:\\\/\\\/esasl.com\\\/wp-content\\\/uploads\\\/2023\\\/04\\\/logo_cabecera-01.jpg\",\"width\":7754,\"height\":2733,\"caption\":\"ESA\"},\"image\":{\"@id\":\"https:\\\/\\\/esasl.com\\\/en\\\/#\\\/schema\\\/logo\\\/image\\\/\"}}]}<\/script>\n<!-- \/ Yoast SEO plugin. -->","yoast_head_json":{"title":"Betxi, Castell\u00f3n - ESA","robots":{"index":"index","follow":"follow","max-snippet":"max-snippet:-1","max-image-preview":"max-image-preview:large","max-video-preview":"max-video-preview:-1"},"canonical":"https:\/\/esasl.com\/en\/betxi-castellon\/","og_locale":"en_US","og_type":"article","og_title":"Betxi, Castell\u00f3n - ESA","og_description":"Betxi, Castell\u00f3n Betxi Project, Castell\u00f3n LOCATION: Castell\u00f3n, Spain TYPE: Fixed on Deck POWER: 300 Kw START UP: July 2008","og_url":"https:\/\/esasl.com\/en\/betxi-castellon\/","og_site_name":"ESA","article_modified_time":"2023-09-14T08:02:18+00:00","og_image":[{"url":"https:\/\/i0.wp.com\/esasl.com\/wp-content\/uploads\/2023\/07\/4408-V_243.jpg?resize=1200%2C1200&amp;ssl=1","type":"","width":"","height":""}],"twitter_card":"summary_large_image","schema":{"@context":"https:\/\/schema.org","@graph":[{"@type":"WebPage","@id":"https:\/\/esasl.com\/en\/betxi-castellon\/","url":"https:\/\/esasl.com\/en\/betxi-castellon\/","name":"Betxi, Castell\u00f3n - ESA","isPartOf":{"@id":"https:\/\/esasl.com\/en\/#website"},"primaryImageOfPage":{"@id":"https:\/\/esasl.com\/en\/betxi-castellon\/#primaryimage"},"image":{"@id":"https:\/\/esasl.com\/en\/betxi-castellon\/#primaryimage"},"thumbnailUrl":"https:\/\/i0.wp.com\/esasl.com\/wp-content\/uploads\/2023\/07\/4408-V_243.jpg?resize=1200%2C1200&amp;ssl=1","datePublished":"2023-07-19T07:48:10+00:00","dateModified":"2023-09-14T08:02:18+00:00","breadcrumb":{"@id":"https:\/\/esasl.com\/en\/betxi-castellon\/#breadcrumb"},"inLanguage":"en-US","potentialAction":[{"@type":"ReadAction","target":["https:\/\/esasl.com\/en\/betxi-castellon\/"]}]},{"@type":"ImageObject","inLanguage":"en-US","@id":"https:\/\/esasl.com\/en\/betxi-castellon\/#primaryimage","url":"https:\/\/i0.wp.com\/esasl.com\/wp-content\/uploads\/2023\/07\/4408-V_243.jpg?resize=1200%2C1200&amp;ssl=1","contentUrl":"https:\/\/i0.wp.com\/esasl.com\/wp-content\/uploads\/2023\/07\/4408-V_243.jpg?resize=1200%2C1200&amp;ssl=1"},{"@type":"BreadcrumbList","@id":"https:\/\/esasl.com\/en\/betxi-castellon\/#breadcrumb","itemListElement":[{"@type":"ListItem","position":1,"name":"Portada","item":"https:\/\/esasl.com\/en\/"},{"@type":"ListItem","position":2,"name":"Betxi, Castell\u00f3n"}]},{"@type":"WebSite","@id":"https:\/\/esasl.com\/en\/#website","url":"https:\/\/esasl.com\/en\/","name":"ESA","description":"Energ\u00eda Solar Aplicada","publisher":{"@id":"https:\/\/esasl.com\/en\/#organization"},"potentialAction":[{"@type":"SearchAction","target":{"@type":"EntryPoint","urlTemplate":"https:\/\/esasl.com\/en\/?s={search_term_string}"},"query-input":{"@type":"PropertyValueSpecification","valueRequired":true,"valueName":"search_term_string"}}],"inLanguage":"en-US"},{"@type":"Organization","@id":"https:\/\/esasl.com\/en\/#organization","name":"ESA","url":"https:\/\/esasl.com\/en\/","logo":{"@type":"ImageObject","inLanguage":"en-US","@id":"https:\/\/esasl.com\/en\/#\/schema\/logo\/image\/","url":"https:\/\/esasl.com\/wp-content\/uploads\/2023\/04\/logo_cabecera-01.jpg","contentUrl":"https:\/\/esasl.com\/wp-content\/uploads\/2023\/04\/logo_cabecera-01.jpg","width":7754,"height":2733,"caption":"ESA"},"image":{"@id":"https:\/\/esasl.com\/en\/#\/schema\/logo\/image\/"}}]}},"jetpack_shortlink":"https:\/\/wp.me\/Pe6nkT-1zX","jetpack_sharing_enabled":true,"_links":{"self":[{"href":"https:\/\/esasl.com\/en\/wp-json\/wp\/v2\/pages\/6073","targetHints":{"allow":["GET"]}}],"collection":[{"href":"https:\/\/esasl.com\/en\/wp-json\/wp\/v2\/pages"}],"about":[{"href":"https:\/\/esasl.com\/en\/wp-json\/wp\/v2\/types\/page"}],"author":[{"embeddable":true,"href":"https:\/\/esasl.com\/en\/wp-json\/wp\/v2\/users\/223403309"}],"replies":[{"embeddable":true,"href":"https:\/\/esasl.com\/en\/wp-json\/wp\/v2\/comments?post=6073"}],"version-history":[{"count":1,"href":"https:\/\/esasl.com\/en\/wp-json\/wp\/v2\/pages\/6073\/revisions"}],"predecessor-version":[{"id":6074,"href":"https:\/\/esasl.com\/en\/wp-json\/wp\/v2\/pages\/6073\/revisions\/6074"}],"wp:attachment":[{"href":"https:\/\/esasl.com\/en\/wp-json\/wp\/v2\/media?parent=6073"}],"curies":[{"name":"wp","href":"https:\/\/api.w.org\/{rel}","templated":true}]}}